{"id":105,"date":"2020-06-24T07:16:32","date_gmt":"2020-06-24T07:16:32","guid":{"rendered":"https:\/\/jupiterx.artbees.net\/accountant\/?page_id=105"},"modified":"2026-04-02T11:59:50","modified_gmt":"2026-04-02T08:59:50","slug":"blog","status":"publish","type":"page","link":"https:\/\/sevgigultekindanismanlik.com\/de\/blog\/","title":{"rendered":"Der Blog"},"content":{"rendered":"<div data-elementor-type=\"wp-page\" data-elementor-id=\"105\" class=\"elementor elementor-105\">\n\t\t\t\t<div class=\"elementor-element elementor-element-46e47c9 e-flex e-con-boxed e-con e-parent\" data-id=\"46e47c9\" data-element_type=\"container\" data-settings=\"{&quot;background_background&quot;:&quot;classic&quot;,&quot;jet_parallax_layout_list&quot;:[]}\">\n\t\t\t\t\t<div class=\"e-con-inner\">\n\t\t<div class=\"elementor-element elementor-element-d42e452 e-con-full e-flex e-con e-child\" data-id=\"d42e452\" data-element_type=\"container\" data-settings=\"{&quot;jet_parallax_layout_list&quot;:[]}\">\n\t\t\t\t<div class=\"elementor-element elementor-element-bcf2c65 elementor-widget elementor-widget-heading\" data-id=\"bcf2c65\" data-element_type=\"widget\" data-widget_type=\"heading.default\">\n\t\t\t\t\t<h2 class=\"elementor-heading-title elementor-size-default\">Unsere Blogbeitr\u00e4ge<\/h2>\t\t\t\t<\/div>\n\t\t\t\t<\/div>\n\t\t\t\t\t<\/div>\n\t\t\t\t<\/div>\n\t\t<div class=\"elementor-element elementor-element-95e6391 e-flex e-con-boxed elementor-invisible e-con e-parent\" data-id=\"95e6391\" data-element_type=\"container\" data-settings=\"{&quot;jet_parallax_layout_list&quot;:[],&quot;animation&quot;:&quot;fadeInUp&quot;}\">\n\t\t\t\t\t<div class=\"e-con-inner\">\n\t\t<div class=\"elementor-element elementor-element-12b46d6 e-con-full e-flex e-con e-child\" data-id=\"12b46d6\" data-element_type=\"container\" data-settings=\"{&quot;jet_parallax_layout_list&quot;:[]}\">\n\t\t\t\t<div class=\"elementor-element elementor-element-44614b8 elementor-widget elementor-widget-heading\" data-id=\"44614b8\" data-element_type=\"widget\" data-widget_type=\"heading.default\">\n\t\t\t\t\t<h2 class=\"elementor-heading-title elementor-size-default\">Was wir f\u00fcr Sie vorbereitet haben<\/h2>\t\t\t\t<\/div>\n\t\t\t\t<\/div>\n\t\t\t\t\t<\/div>\n\t\t\t\t<\/div>\n\t\t\t\t<\/div>","protected":false},"excerpt":{"rendered":"<p>Blog Yaz\u0131lar\u0131m\u0131z Sizin \u0130\u00e7in Haz\u0131rlad\u0131klar\u0131m\u0131z There Was No Obvious 2019 AwardsBait, And That\u2019s a Good The house opposite commanded a plain view into the room, and observing more and more the indecorous figure that Queequeg made, staving about with little else but his hat and Devam\u0131n\u0131 Oku There Was No Obvious 2019 AwardsBait, And That\u2019s [&hellip;]<\/p>","protected":false},"author":1,"featured_media":743,"parent":0,"menu_order":0,"comment_status":"closed","ping_status":"closed","template":"elementor_header_footer","meta":{"_acf_changed":false,"footnotes":""},"class_list":["post-105","page","type-page","status-publish","has-post-thumbnail","hentry"],"acf":[],"yoast_head":"<!-- This site is optimized with the Yoast SEO plugin v25.6 - https:\/\/yoast.com\/wordpress\/plugins\/seo\/ -->\n<title>Blog<\/title>\n<meta name=\"robots\" content=\"index, follow, max-snippet:-1, max-image-preview:large, max-video-preview:-1\" \/>\n<link rel=\"canonical\" href=\"https:\/\/sevgigultekindanismanlik.com\/de\/blog\/\" \/>\n<meta property=\"og:locale\" content=\"de_DE\" \/>\n<meta property=\"og:type\" content=\"article\" \/>\n<meta property=\"og:title\" content=\"Blog\" \/>\n<meta property=\"og:description\" content=\"Blog Yaz\u0131lar\u0131m\u0131z Sizin \u0130\u00e7in Haz\u0131rlad\u0131klar\u0131m\u0131z There Was No Obvious 2019 AwardsBait, And That\u2019s a Good The house opposite commanded a plain view into the room, and observing more and more the indecorous figure that Queequeg made, staving about with little else but his hat and Devam\u0131n\u0131 Oku There Was No Obvious 2019 AwardsBait, And That\u2019s [&hellip;]\" \/>\n<meta property=\"og:url\" content=\"https:\/\/sevgigultekindanismanlik.com\/de\/blog\/\" \/>\n<meta property=\"og:site_name\" content=\"Sevgi G\u00fcltekin - Sa\u011fl\u0131k Turizmi Te\u015fvik Dan\u0131\u015fmanl\u0131\u011f\u0131\" \/>\n<meta property=\"article:modified_time\" content=\"2026-04-02T08:59:50+00:00\" \/>\n<meta property=\"og:image\" content=\"https:\/\/sevgigultekindanismanlik.com\/wp-content\/uploads\/2020\/06\/Sevgi-Gultekin-Logo.png\" \/>\n\t<meta property=\"og:image:width\" content=\"1520\" \/>\n\t<meta property=\"og:image:height\" content=\"806\" \/>\n\t<meta property=\"og:image:type\" content=\"image\/png\" \/>\n<meta name=\"twitter:card\" content=\"summary_large_image\" \/>\n<meta name=\"twitter:label1\" content=\"Gesch\u00e4tzte Lesezeit\" \/>\n\t<meta name=\"twitter:data1\" content=\"5\u00a0Minuten\" \/>\n<script type=\"application\/ld+json\" class=\"yoast-schema-graph\">{\"@context\":\"https:\/\/schema.org\",\"@graph\":[{\"@type\":\"WebPage\",\"@id\":\"https:\/\/sevgigultekindanismanlik.com\/blog\/\",\"url\":\"https:\/\/sevgigultekindanismanlik.com\/blog\/\",\"name\":\"Blog\",\"isPartOf\":{\"@id\":\"https:\/\/sevgigultekindanismanlik.com\/#website\"},\"primaryImageOfPage\":{\"@id\":\"https:\/\/sevgigultekindanismanlik.com\/blog\/#primaryimage\"},\"image\":{\"@id\":\"https:\/\/sevgigultekindanismanlik.com\/blog\/#primaryimage\"},\"thumbnailUrl\":\"https:\/\/sevgigultekindanismanlik.com\/wp-content\/uploads\/2020\/06\/Sevgi-Gultekin-Logo.png\",\"datePublished\":\"2020-06-24T07:16:32+00:00\",\"dateModified\":\"2026-04-02T08:59:50+00:00\",\"breadcrumb\":{\"@id\":\"https:\/\/sevgigultekindanismanlik.com\/blog\/#breadcrumb\"},\"inLanguage\":\"de\",\"potentialAction\":[{\"@type\":\"ReadAction\",\"target\":[\"https:\/\/sevgigultekindanismanlik.com\/blog\/\"]}]},{\"@type\":\"ImageObject\",\"inLanguage\":\"de\",\"@id\":\"https:\/\/sevgigultekindanismanlik.com\/blog\/#primaryimage\",\"url\":\"https:\/\/sevgigultekindanismanlik.com\/wp-content\/uploads\/2020\/06\/Sevgi-Gultekin-Logo.png\",\"contentUrl\":\"https:\/\/sevgigultekindanismanlik.com\/wp-content\/uploads\/2020\/06\/Sevgi-Gultekin-Logo.png\",\"width\":1520,\"height\":806},{\"@type\":\"BreadcrumbList\",\"@id\":\"https:\/\/sevgigultekindanismanlik.com\/blog\/#breadcrumb\",\"itemListElement\":[{\"@type\":\"ListItem\",\"position\":1,\"name\":\"Anasayfa\",\"item\":\"https:\/\/sevgigultekindanismanlik.com\/\"},{\"@type\":\"ListItem\",\"position\":2,\"name\":\"Blog\"}]},{\"@type\":\"WebSite\",\"@id\":\"https:\/\/sevgigultekindanismanlik.com\/#website\",\"url\":\"https:\/\/sevgigultekindanismanlik.com\/\",\"name\":\"Sevgi G\u00fcltekin - Sa\u011fl\u0131k Turizmi Te\u015fvik Dan\u0131\u015fmanl\u0131\u011f\u0131\",\"description\":\"Sevgi G\u00fcltekin - Sa\u011fl\u0131k Turizmi Te\u015fvik Dan\u0131\u015fmanl\u0131\u011f\u0131\",\"potentialAction\":[{\"@type\":\"SearchAction\",\"target\":{\"@type\":\"EntryPoint\",\"urlTemplate\":\"https:\/\/sevgigultekindanismanlik.com\/?s={search_term_string}\"},\"query-input\":{\"@type\":\"PropertyValueSpecification\",\"valueRequired\":true,\"valueName\":\"search_term_string\"}}],\"inLanguage\":\"de\"}]}<\/script>\n<!-- \/ Yoast SEO plugin. -->","yoast_head_json":{"title":"Blog","robots":{"index":"index","follow":"follow","max-snippet":"max-snippet:-1","max-image-preview":"max-image-preview:large","max-video-preview":"max-video-preview:-1"},"canonical":"https:\/\/sevgigultekindanismanlik.com\/de\/blog\/","og_locale":"de_DE","og_type":"article","og_title":"Blog","og_description":"Blog Yaz\u0131lar\u0131m\u0131z Sizin \u0130\u00e7in Haz\u0131rlad\u0131klar\u0131m\u0131z There Was No Obvious 2019 AwardsBait, And That\u2019s a Good The house opposite commanded a plain view into the room, and observing more and more the indecorous figure that Queequeg made, staving about with little else but his hat and Devam\u0131n\u0131 Oku There Was No Obvious 2019 AwardsBait, And That\u2019s [&hellip;]","og_url":"https:\/\/sevgigultekindanismanlik.com\/de\/blog\/","og_site_name":"Sevgi G\u00fcltekin - Sa\u011fl\u0131k Turizmi Te\u015fvik Dan\u0131\u015fmanl\u0131\u011f\u0131","article_modified_time":"2026-04-02T08:59:50+00:00","og_image":[{"width":1520,"height":806,"url":"https:\/\/sevgigultekindanismanlik.com\/wp-content\/uploads\/2020\/06\/Sevgi-Gultekin-Logo.png","type":"image\/png"}],"twitter_card":"summary_large_image","twitter_misc":{"Gesch\u00e4tzte Lesezeit":"5\u00a0Minuten"},"schema":{"@context":"https:\/\/schema.org","@graph":[{"@type":"WebPage","@id":"https:\/\/sevgigultekindanismanlik.com\/blog\/","url":"https:\/\/sevgigultekindanismanlik.com\/blog\/","name":"Blog","isPartOf":{"@id":"https:\/\/sevgigultekindanismanlik.com\/#website"},"primaryImageOfPage":{"@id":"https:\/\/sevgigultekindanismanlik.com\/blog\/#primaryimage"},"image":{"@id":"https:\/\/sevgigultekindanismanlik.com\/blog\/#primaryimage"},"thumbnailUrl":"https:\/\/sevgigultekindanismanlik.com\/wp-content\/uploads\/2020\/06\/Sevgi-Gultekin-Logo.png","datePublished":"2020-06-24T07:16:32+00:00","dateModified":"2026-04-02T08:59:50+00:00","breadcrumb":{"@id":"https:\/\/sevgigultekindanismanlik.com\/blog\/#breadcrumb"},"inLanguage":"de","potentialAction":[{"@type":"ReadAction","target":["https:\/\/sevgigultekindanismanlik.com\/blog\/"]}]},{"@type":"ImageObject","inLanguage":"de","@id":"https:\/\/sevgigultekindanismanlik.com\/blog\/#primaryimage","url":"https:\/\/sevgigultekindanismanlik.com\/wp-content\/uploads\/2020\/06\/Sevgi-Gultekin-Logo.png","contentUrl":"https:\/\/sevgigultekindanismanlik.com\/wp-content\/uploads\/2020\/06\/Sevgi-Gultekin-Logo.png","width":1520,"height":806},{"@type":"BreadcrumbList","@id":"https:\/\/sevgigultekindanismanlik.com\/blog\/#breadcrumb","itemListElement":[{"@type":"ListItem","position":1,"name":"Anasayfa","item":"https:\/\/sevgigultekindanismanlik.com\/"},{"@type":"ListItem","position":2,"name":"Blog"}]},{"@type":"WebSite","@id":"https:\/\/sevgigultekindanismanlik.com\/#website","url":"https:\/\/sevgigultekindanismanlik.com\/","name":"Sevgi G\u00fcltekin - Sa\u011fl\u0131k Turizmi Te\u015fvik Dan\u0131\u015fmanl\u0131\u011f\u0131","description":"Sevgi G\u00fcltekin - Sa\u011fl\u0131k Turizmi Te\u015fvik Dan\u0131\u015fmanl\u0131\u011f\u0131","potentialAction":[{"@type":"SearchAction","target":{"@type":"EntryPoint","urlTemplate":"https:\/\/sevgigultekindanismanlik.com\/?s={search_term_string}"},"query-input":{"@type":"PropertyValueSpecification","valueRequired":true,"valueName":"search_term_string"}}],"inLanguage":"de"}]}},"_links":{"self":[{"href":"https:\/\/sevgigultekindanismanlik.com\/de\/wp-json\/wp\/v2\/pages\/105","targetHints":{"allow":["GET"]}}],"collection":[{"href":"https:\/\/sevgigultekindanismanlik.com\/de\/wp-json\/wp\/v2\/pages"}],"about":[{"href":"https:\/\/sevgigultekindanismanlik.com\/de\/wp-json\/wp\/v2\/types\/page"}],"author":[{"embeddable":true,"href":"https:\/\/sevgigultekindanismanlik.com\/de\/wp-json\/wp\/v2\/users\/1"}],"replies":[{"embeddable":true,"href":"https:\/\/sevgigultekindanismanlik.com\/de\/wp-json\/wp\/v2\/comments?post=105"}],"version-history":[{"count":6,"href":"https:\/\/sevgigultekindanismanlik.com\/de\/wp-json\/wp\/v2\/pages\/105\/revisions"}],"predecessor-version":[{"id":861,"href":"https:\/\/sevgigultekindanismanlik.com\/de\/wp-json\/wp\/v2\/pages\/105\/revisions\/861"}],"wp:featuredmedia":[{"embeddable":true,"href":"https:\/\/sevgigultekindanismanlik.com\/de\/wp-json\/wp\/v2\/media\/743"}],"wp:attachment":[{"href":"https:\/\/sevgigultekindanismanlik.com\/de\/wp-json\/wp\/v2\/media?parent=105"}],"curies":[{"name":"wp","href":"https:\/\/api.w.org\/{rel}","templated":true}]}}